{"id":87,"date":"2024-05-16T14:23:08","date_gmt":"2024-05-16T12:23:08","guid":{"rendered":"https:\/\/fly-park.eu\/belchatow\/?page_id=87"},"modified":"2026-04-02T12:40:48","modified_gmt":"2026-04-02T10:40:48","slug":"dokumenty","status":"publish","type":"page","link":"https:\/\/fly-park.eu\/belchatow\/dokumenty\/","title":{"rendered":"Dokumenty"},"content":{"rendered":"","protected":false},"excerpt":{"rendered":"","protected":false},"author":1,"featured_media":0,"parent":0,"menu_order":0,"comment_status":"closed","ping_status":"closed","template":"documents.php","meta":{"_acf_changed":false,"footnotes":""},"acf":[],"yoast_head":"<!-- This site is optimized with the Yoast SEO plugin v23.0 - https:\/\/yoast.com\/wordpress\/plugins\/seo\/ -->\n<title>Dokumenty - FlyPark - Be\u0142chat\u00f3w<\/title>\n<meta name=\"description\" content=\"Sprawd\u017a nasz regulamin, oraz pobierz potrzebne dokumenty takie jak zgoda opiekuna, formularz zg\u0142oszenia na p\u00f3\u0142kolonie i wiele wi\u0119cej.\" \/>\n<meta name=\"robots\" content=\"index, follow, max-snippet:-1, max-image-preview:large, max-video-preview:-1\" \/>\n<link rel=\"canonical\" href=\"https:\/\/fly-park.eu\/belchatow\/dokumenty\/\" \/>\n<meta property=\"og:locale\" content=\"pl_PL\" \/>\n<meta property=\"og:type\" content=\"article\" \/>\n<meta property=\"og:title\" content=\"Dokumenty - FlyPark - Be\u0142chat\u00f3w\" \/>\n<meta property=\"og:description\" content=\"Sprawd\u017a nasz regulamin, oraz pobierz potrzebne dokumenty takie jak zgoda opiekuna, formularz zg\u0142oszenia na p\u00f3\u0142kolonie i wiele wi\u0119cej.\" \/>\n<meta property=\"og:url\" content=\"https:\/\/fly-park.eu\/belchatow\/dokumenty\/\" \/>\n<meta property=\"og:site_name\" content=\"FlyPark - Be\u0142chat\u00f3w\" \/>\n<meta property=\"article:modified_time\" content=\"2026-04-02T10:40:48+00:00\" \/>\n<meta property=\"og:image\" content=\"https:\/\/fly-park.eu\/belchatow\/wp-content\/uploads\/sites\/16\/2024\/06\/OG-IMAGE.png\" \/>\n\t<meta property=\"og:image:width\" content=\"1200\" \/>\n\t<meta property=\"og:image:height\" content=\"600\" \/>\n\t<meta property=\"og:image:type\" content=\"image\/png\" \/>\n<meta name=\"twitter:card\" content=\"summary_large_image\" \/>\n<script type=\"application\/ld+json\" class=\"yoast-schema-graph\">{\"@context\":\"https:\/\/schema.org\",\"@graph\":[{\"@type\":\"WebPage\",\"@id\":\"https:\/\/fly-park.eu\/belchatow\/dokumenty\/\",\"url\":\"https:\/\/fly-park.eu\/belchatow\/dokumenty\/\",\"name\":\"Dokumenty - FlyPark - Be\u0142chat\u00f3w\",\"isPartOf\":{\"@id\":\"https:\/\/fly-park.eu\/belchatow\/#website\"},\"datePublished\":\"2024-05-16T12:23:08+00:00\",\"dateModified\":\"2026-04-02T10:40:48+00:00\",\"description\":\"Sprawd\u017a nasz regulamin, oraz pobierz potrzebne dokumenty takie jak zgoda opiekuna, formularz zg\u0142oszenia na p\u00f3\u0142kolonie i wiele wi\u0119cej.\",\"breadcrumb\":{\"@id\":\"https:\/\/fly-park.eu\/belchatow\/dokumenty\/#breadcrumb\"},\"inLanguage\":\"pl-PL\",\"potentialAction\":[{\"@type\":\"ReadAction\",\"target\":[\"https:\/\/fly-park.eu\/belchatow\/dokumenty\/\"]}]},{\"@type\":\"BreadcrumbList\",\"@id\":\"https:\/\/fly-park.eu\/belchatow\/dokumenty\/#breadcrumb\",\"itemListElement\":[{\"@type\":\"ListItem\",\"position\":1,\"name\":\"Strona g\u0142\u00f3wna\",\"item\":\"https:\/\/fly-park.eu\/belchatow\/\"},{\"@type\":\"ListItem\",\"position\":2,\"name\":\"Dokumenty\"}]},{\"@type\":\"WebSite\",\"@id\":\"https:\/\/fly-park.eu\/belchatow\/#website\",\"url\":\"https:\/\/fly-park.eu\/belchatow\/\",\"name\":\"FlyPark - Be\u0142chat\u00f3w\",\"description\":\"Najlepszy Park Trampolin\",\"alternateName\":\"Park Rozrywki FlyPark w Rzeszowie\",\"potentialAction\":[{\"@type\":\"SearchAction\",\"target\":{\"@type\":\"EntryPoint\",\"urlTemplate\":\"https:\/\/fly-park.eu\/belchatow\/?s={search_term_string}\"},\"query-input\":\"required name=search_term_string\"}],\"inLanguage\":\"pl-PL\"}]}<\/script>\n<!-- \/ Yoast SEO plugin. -->","yoast_head_json":{"title":"Dokumenty - FlyPark - Be\u0142chat\u00f3w","description":"Sprawd\u017a nasz regulamin, oraz pobierz potrzebne dokumenty takie jak zgoda opiekuna, formularz zg\u0142oszenia na p\u00f3\u0142kolonie i wiele wi\u0119cej.","robots":{"index":"index","follow":"follow","max-snippet":"max-snippet:-1","max-image-preview":"max-image-preview:large","max-video-preview":"max-video-preview:-1"},"canonical":"https:\/\/fly-park.eu\/belchatow\/dokumenty\/","og_locale":"pl_PL","og_type":"article","og_title":"Dokumenty - FlyPark - Be\u0142chat\u00f3w","og_description":"Sprawd\u017a nasz regulamin, oraz pobierz potrzebne dokumenty takie jak zgoda opiekuna, formularz zg\u0142oszenia na p\u00f3\u0142kolonie i wiele wi\u0119cej.","og_url":"https:\/\/fly-park.eu\/belchatow\/dokumenty\/","og_site_name":"FlyPark - Be\u0142chat\u00f3w","article_modified_time":"2026-04-02T10:40:48+00:00","og_image":[{"width":1200,"height":600,"url":"https:\/\/fly-park.eu\/belchatow\/wp-content\/uploads\/sites\/16\/2024\/06\/OG-IMAGE.png","type":"image\/png"}],"twitter_card":"summary_large_image","schema":{"@context":"https:\/\/schema.org","@graph":[{"@type":"WebPage","@id":"https:\/\/fly-park.eu\/belchatow\/dokumenty\/","url":"https:\/\/fly-park.eu\/belchatow\/dokumenty\/","name":"Dokumenty - FlyPark - Be\u0142chat\u00f3w","isPartOf":{"@id":"https:\/\/fly-park.eu\/belchatow\/#website"},"datePublished":"2024-05-16T12:23:08+00:00","dateModified":"2026-04-02T10:40:48+00:00","description":"Sprawd\u017a nasz regulamin, oraz pobierz potrzebne dokumenty takie jak zgoda opiekuna, formularz zg\u0142oszenia na p\u00f3\u0142kolonie i wiele wi\u0119cej.","breadcrumb":{"@id":"https:\/\/fly-park.eu\/belchatow\/dokumenty\/#breadcrumb"},"inLanguage":"pl-PL","potentialAction":[{"@type":"ReadAction","target":["https:\/\/fly-park.eu\/belchatow\/dokumenty\/"]}]},{"@type":"BreadcrumbList","@id":"https:\/\/fly-park.eu\/belchatow\/dokumenty\/#breadcrumb","itemListElement":[{"@type":"ListItem","position":1,"name":"Strona g\u0142\u00f3wna","item":"https:\/\/fly-park.eu\/belchatow\/"},{"@type":"ListItem","position":2,"name":"Dokumenty"}]},{"@type":"WebSite","@id":"https:\/\/fly-park.eu\/belchatow\/#website","url":"https:\/\/fly-park.eu\/belchatow\/","name":"FlyPark - Be\u0142chat\u00f3w","description":"Najlepszy Park Trampolin","alternateName":"Park Rozrywki FlyPark w Rzeszowie","potentialAction":[{"@type":"SearchAction","target":{"@type":"EntryPoint","urlTemplate":"https:\/\/fly-park.eu\/belchatow\/?s={search_term_string}"},"query-input":"required name=search_term_string"}],"inLanguage":"pl-PL"}]}},"_links":{"self":[{"href":"https:\/\/fly-park.eu\/belchatow\/wp-json\/wp\/v2\/pages\/87"}],"collection":[{"href":"https:\/\/fly-park.eu\/belchatow\/wp-json\/wp\/v2\/pages"}],"about":[{"href":"https:\/\/fly-park.eu\/belchatow\/wp-json\/wp\/v2\/types\/page"}],"author":[{"embeddable":true,"href":"https:\/\/fly-park.eu\/belchatow\/wp-json\/wp\/v2\/users\/1"}],"replies":[{"embeddable":true,"href":"https:\/\/fly-park.eu\/belchatow\/wp-json\/wp\/v2\/comments?post=87"}],"version-history":[{"count":63,"href":"https:\/\/fly-park.eu\/belchatow\/wp-json\/wp\/v2\/pages\/87\/revisions"}],"predecessor-version":[{"id":1536,"href":"https:\/\/fly-park.eu\/belchatow\/wp-json\/wp\/v2\/pages\/87\/revisions\/1536"}],"wp:attachment":[{"href":"https:\/\/fly-park.eu\/belchatow\/wp-json\/wp\/v2\/media?parent=87"}],"curies":[{"name":"wp","href":"https:\/\/api.w.org\/{rel}","templated":true}]}}