{"id":85,"date":"2024-05-16T14:23:00","date_gmt":"2024-05-16T12:23:00","guid":{"rendered":"https:\/\/fly-park.eu\/tarnow\/?page_id=85"},"modified":"2024-07-18T10:01:20","modified_gmt":"2024-07-18T08:01:20","slug":"o-nas","status":"publish","type":"page","link":"https:\/\/fly-park.eu\/tarnow\/o-nas\/","title":{"rendered":"O nas"},"content":{"rendered":"","protected":false},"excerpt":{"rendered":"","protected":false},"author":1,"featured_media":0,"parent":0,"menu_order":0,"comment_status":"closed","ping_status":"closed","template":"about.php","meta":{"_acf_changed":false,"footnotes":""},"acf":[],"yoast_head":"<!-- This site is optimized with the Yoast SEO plugin v23.0 - https:\/\/yoast.com\/wordpress\/plugins\/seo\/ -->\n<title>O nas - FlyPark - Tarn\u00f3w<\/title>\n<meta name=\"description\" content=\"Dowiedz si\u0119 wi\u0119cej na temat parku rozrywki FlyPark Tarn\u00f3w. Sprawd\u017a w jakich godzinach jeste\u015bmy czynni oraz jak skontaktowa\u0107 si\u0119 z nami.\" \/>\n<meta name=\"robots\" content=\"index, follow, max-snippet:-1, max-image-preview:large, max-video-preview:-1\" \/>\n<link rel=\"canonical\" href=\"https:\/\/fly-park.eu\/tarnow\/o-nas\/\" \/>\n<meta property=\"og:locale\" content=\"pl_PL\" \/>\n<meta property=\"og:type\" content=\"article\" \/>\n<meta property=\"og:title\" content=\"O nas - FlyPark - Tarn\u00f3w\" \/>\n<meta property=\"og:description\" content=\"Dowiedz si\u0119 wi\u0119cej na temat parku rozrywki FlyPark Tarn\u00f3w. Sprawd\u017a w jakich godzinach jeste\u015bmy czynni oraz jak skontaktowa\u0107 si\u0119 z nami.\" \/>\n<meta property=\"og:url\" content=\"https:\/\/fly-park.eu\/tarnow\/o-nas\/\" \/>\n<meta property=\"og:site_name\" content=\"FlyPark - Tarn\u00f3w\" \/>\n<meta property=\"article:modified_time\" content=\"2024-07-18T08:01:20+00:00\" \/>\n<meta property=\"og:image\" content=\"https:\/\/fly-park.eu\/tarnow\/wp-content\/uploads\/sites\/7\/2024\/06\/OG-IMAGE.png\" \/>\n\t<meta property=\"og:image:width\" content=\"1200\" \/>\n\t<meta property=\"og:image:height\" content=\"600\" \/>\n\t<meta property=\"og:image:type\" content=\"image\/png\" \/>\n<meta name=\"twitter:card\" content=\"summary_large_image\" \/>\n<script type=\"application\/ld+json\" class=\"yoast-schema-graph\">{\"@context\":\"https:\/\/schema.org\",\"@graph\":[{\"@type\":\"WebPage\",\"@id\":\"https:\/\/fly-park.eu\/tarnow\/o-nas\/\",\"url\":\"https:\/\/fly-park.eu\/tarnow\/o-nas\/\",\"name\":\"O nas - FlyPark - Tarn\u00f3w\",\"isPartOf\":{\"@id\":\"https:\/\/fly-park.eu\/tarnow\/#website\"},\"datePublished\":\"2024-05-16T12:23:00+00:00\",\"dateModified\":\"2024-07-18T08:01:20+00:00\",\"description\":\"Dowiedz si\u0119 wi\u0119cej na temat parku rozrywki FlyPark Tarn\u00f3w. Sprawd\u017a w jakich godzinach jeste\u015bmy czynni oraz jak skontaktowa\u0107 si\u0119 z nami.\",\"breadcrumb\":{\"@id\":\"https:\/\/fly-park.eu\/tarnow\/o-nas\/#breadcrumb\"},\"inLanguage\":\"pl-PL\",\"potentialAction\":[{\"@type\":\"ReadAction\",\"target\":[\"https:\/\/fly-park.eu\/tarnow\/o-nas\/\"]}]},{\"@type\":\"BreadcrumbList\",\"@id\":\"https:\/\/fly-park.eu\/tarnow\/o-nas\/#breadcrumb\",\"itemListElement\":[{\"@type\":\"ListItem\",\"position\":1,\"name\":\"Strona g\u0142\u00f3wna\",\"item\":\"https:\/\/fly-park.eu\/tarnow\/\"},{\"@type\":\"ListItem\",\"position\":2,\"name\":\"O nas\"}]},{\"@type\":\"WebSite\",\"@id\":\"https:\/\/fly-park.eu\/tarnow\/#website\",\"url\":\"https:\/\/fly-park.eu\/tarnow\/\",\"name\":\"FlyPark - Tarn\u00f3w\",\"description\":\"Najlepszy Park Trampolin\",\"potentialAction\":[{\"@type\":\"SearchAction\",\"target\":{\"@type\":\"EntryPoint\",\"urlTemplate\":\"https:\/\/fly-park.eu\/tarnow\/?s={search_term_string}\"},\"query-input\":\"required name=search_term_string\"}],\"inLanguage\":\"pl-PL\"}]}<\/script>\n<!-- \/ Yoast SEO plugin. -->","yoast_head_json":{"title":"O nas - FlyPark - Tarn\u00f3w","description":"Dowiedz si\u0119 wi\u0119cej na temat parku rozrywki FlyPark Tarn\u00f3w. Sprawd\u017a w jakich godzinach jeste\u015bmy czynni oraz jak skontaktowa\u0107 si\u0119 z nami.","robots":{"index":"index","follow":"follow","max-snippet":"max-snippet:-1","max-image-preview":"max-image-preview:large","max-video-preview":"max-video-preview:-1"},"canonical":"https:\/\/fly-park.eu\/tarnow\/o-nas\/","og_locale":"pl_PL","og_type":"article","og_title":"O nas - FlyPark - Tarn\u00f3w","og_description":"Dowiedz si\u0119 wi\u0119cej na temat parku rozrywki FlyPark Tarn\u00f3w. Sprawd\u017a w jakich godzinach jeste\u015bmy czynni oraz jak skontaktowa\u0107 si\u0119 z nami.","og_url":"https:\/\/fly-park.eu\/tarnow\/o-nas\/","og_site_name":"FlyPark - Tarn\u00f3w","article_modified_time":"2024-07-18T08:01:20+00:00","og_image":[{"width":1200,"height":600,"url":"https:\/\/fly-park.eu\/tarnow\/wp-content\/uploads\/sites\/7\/2024\/06\/OG-IMAGE.png","type":"image\/png"}],"twitter_card":"summary_large_image","schema":{"@context":"https:\/\/schema.org","@graph":[{"@type":"WebPage","@id":"https:\/\/fly-park.eu\/tarnow\/o-nas\/","url":"https:\/\/fly-park.eu\/tarnow\/o-nas\/","name":"O nas - FlyPark - Tarn\u00f3w","isPartOf":{"@id":"https:\/\/fly-park.eu\/tarnow\/#website"},"datePublished":"2024-05-16T12:23:00+00:00","dateModified":"2024-07-18T08:01:20+00:00","description":"Dowiedz si\u0119 wi\u0119cej na temat parku rozrywki FlyPark Tarn\u00f3w. Sprawd\u017a w jakich godzinach jeste\u015bmy czynni oraz jak skontaktowa\u0107 si\u0119 z nami.","breadcrumb":{"@id":"https:\/\/fly-park.eu\/tarnow\/o-nas\/#breadcrumb"},"inLanguage":"pl-PL","potentialAction":[{"@type":"ReadAction","target":["https:\/\/fly-park.eu\/tarnow\/o-nas\/"]}]},{"@type":"BreadcrumbList","@id":"https:\/\/fly-park.eu\/tarnow\/o-nas\/#breadcrumb","itemListElement":[{"@type":"ListItem","position":1,"name":"Strona g\u0142\u00f3wna","item":"https:\/\/fly-park.eu\/tarnow\/"},{"@type":"ListItem","position":2,"name":"O nas"}]},{"@type":"WebSite","@id":"https:\/\/fly-park.eu\/tarnow\/#website","url":"https:\/\/fly-park.eu\/tarnow\/","name":"FlyPark - Tarn\u00f3w","description":"Najlepszy Park Trampolin","potentialAction":[{"@type":"SearchAction","target":{"@type":"EntryPoint","urlTemplate":"https:\/\/fly-park.eu\/tarnow\/?s={search_term_string}"},"query-input":"required name=search_term_string"}],"inLanguage":"pl-PL"}]}},"_links":{"self":[{"href":"https:\/\/fly-park.eu\/tarnow\/wp-json\/wp\/v2\/pages\/85"}],"collection":[{"href":"https:\/\/fly-park.eu\/tarnow\/wp-json\/wp\/v2\/pages"}],"about":[{"href":"https:\/\/fly-park.eu\/tarnow\/wp-json\/wp\/v2\/types\/page"}],"author":[{"embeddable":true,"href":"https:\/\/fly-park.eu\/tarnow\/wp-json\/wp\/v2\/users\/1"}],"replies":[{"embeddable":true,"href":"https:\/\/fly-park.eu\/tarnow\/wp-json\/wp\/v2\/comments?post=85"}],"version-history":[{"count":9,"href":"https:\/\/fly-park.eu\/tarnow\/wp-json\/wp\/v2\/pages\/85\/revisions"}],"predecessor-version":[{"id":750,"href":"https:\/\/fly-park.eu\/tarnow\/wp-json\/wp\/v2\/pages\/85\/revisions\/750"}],"wp:attachment":[{"href":"https:\/\/fly-park.eu\/tarnow\/wp-json\/wp\/v2\/media?parent=85"}],"curies":[{"name":"wp","href":"https:\/\/api.w.org\/{rel}","templated":true}]}}